{"id":206,"date":"2022-05-06T14:39:11","date_gmt":"2022-05-06T14:39:11","guid":{"rendered":"https:\/\/villabellavistalasterrenas.com\/transaccion-fallida\/"},"modified":"2022-07-26T14:30:39","modified_gmt":"2022-07-26T14:30:39","slug":"transaccion-fallida","status":"publish","type":"page","link":"https:\/\/villabellavistalasterrenas.com\/es\/confirmacion-de-reserva\/transaccion-fallida\/","title":{"rendered":"Falta de pago"},"content":{"rendered":"<p>Lamentablemente, su transacci\u00f3n no puede ser completada en este momento. Por favor, int\u00e9ntelo de nuevo o p\u00f3ngase en contacto con nosotros.<\/p>\n","protected":false},"excerpt":{"rendered":"<p>Lamentablemente, su transacci\u00f3n no puede ser completada en este momento. Por favor, int\u00e9ntelo de nuevo o p\u00f3ngase en contacto con nosotros.<\/p>\n","protected":false},"author":1,"featured_media":0,"parent":217,"menu_order":0,"comment_status":"closed","ping_status":"closed","template":"","meta":{"footnotes":""},"class_list":["post-206","page","type-page","status-publish","hentry","wpbf-post"],"_links":{"self":[{"href":"https:\/\/villabellavistalasterrenas.com\/es\/wp-json\/wp\/v2\/pages\/206","targetHints":{"allow":["GET"]}}],"collection":[{"href":"https:\/\/villabellavistalasterrenas.com\/es\/wp-json\/wp\/v2\/pages"}],"about":[{"href":"https:\/\/villabellavistalasterrenas.com\/es\/wp-json\/wp\/v2\/types\/page"}],"author":[{"embeddable":true,"href":"https:\/\/villabellavistalasterrenas.com\/es\/wp-json\/wp\/v2\/users\/1"}],"replies":[{"embeddable":true,"href":"https:\/\/villabellavistalasterrenas.com\/es\/wp-json\/wp\/v2\/comments?post=206"}],"version-history":[{"count":2,"href":"https:\/\/villabellavistalasterrenas.com\/es\/wp-json\/wp\/v2\/pages\/206\/revisions"}],"predecessor-version":[{"id":273,"href":"https:\/\/villabellavistalasterrenas.com\/es\/wp-json\/wp\/v2\/pages\/206\/revisions\/273"}],"up":[{"embeddable":true,"href":"https:\/\/villabellavistalasterrenas.com\/es\/wp-json\/wp\/v2\/pages\/217"}],"wp:attachment":[{"href":"https:\/\/villabellavistalasterrenas.com\/es\/wp-json\/wp\/v2\/media?parent=206"}],"curies":[{"name":"wp","href":"https:\/\/api.w.org\/{rel}","templated":true}]}}